{"id":415,"date":"2024-02-19T15:34:43","date_gmt":"2024-02-19T15:34:43","guid":{"rendered":"https:\/\/machtenvananir.nl\/?page_id=415"},"modified":"2024-07-03T11:35:15","modified_gmt":"2024-07-03T11:35:15","slug":"voorlezen-signeren","status":"publish","type":"page","link":"https:\/\/machtenvananir.nl\/index.php\/voorlezen-signeren\/","title":{"rendered":"Voorlezen &#038; Signeren"},"content":{"rendered":"<h1>Voorlezen en signeren<\/h1>\n<h1>Contact<\/h1>\n<div>\n<p>Joost Thissen komt graag in uw boekhandel, bibliotheek of cultureel centrum voorlezen uit zijn boeken en signeren. U kunt contact opnemen via dit emailadres: <a href=\"mailto:jth@reflexor.eu\"><strong>jth@reflexor.eu<\/strong><\/a>.<\/p>\n<\/div>\n<p><a href=\"#bottom\">[arrow-down]<\/a><\/p>\n<h2>Op herhaling:<br \/> voorlezen in de Bibliotheek in Huizen<\/h2>\n<div>Op 29 juni heb ik, met andere schrijvers, voorgelezen uit mijn boek &#8216;Horm&#8217;. Wijzer geworden door mijn eerste voordracht in februari van dit jaar had ik besloten dat het tekstgedeelte om voor te lezen moet eindigen met een zgn. cliffhanger waarna de lezer m\u00e9\u00e9r wil weten. Ik had gekozen voor het Offerfeest van de Z\u00een, tot aan het moment waar Lyss zijn zelfbeheersing lijkt te verliezen<\/div>\n<ul>\n<li>\n<p>        <img decoding=\"async\" src=\"\/wp-content\/uploads\/2024\/07\/Aankondiging_web.jpg\" alt=\"\"><\/p>\n<h3>Aankondiging_web<\/h3>\n<\/li>\n<li>\n<p>        <img decoding=\"async\" src=\"\/wp-content\/uploads\/2024\/07\/1_web.jpg\" alt=\"\"><\/p>\n<h3>1_web<\/h3>\n<\/li>\n<li>\n<p>        <img decoding=\"async\" src=\"\/wp-content\/uploads\/2024\/07\/2_web.jpg\" alt=\"\"><\/p>\n<h3>2_web<\/h3>\n<\/li>\n<li>\n<p>        <img decoding=\"async\" src=\"\/wp-content\/uploads\/2024\/07\/3_web.jpg\" alt=\"\"><\/p>\n<h3>3_web<\/h3>\n<\/li>\n<li>\n<p>        <img decoding=\"async\" src=\"\/wp-content\/uploads\/2024\/07\/4_web-1.jpg\" alt=\"\"><\/p>\n<h3>4_web<\/h3>\n<\/li>\n<\/ul>\n<h2>Voorlezen in de Bibliotheek in Huizen<\/h2>\n<ul>\n<li>\n<p>        <img decoding=\"async\" src=\"\/wp-content\/uploads\/2024\/03\/image4-rotated.jpeg\" alt=\"\"><\/p>\n<h3>image4<\/h3>\n<\/li>\n<li>\n<p>        <img decoding=\"async\" src=\"\/wp-content\/uploads\/2024\/03\/image3-rotated.jpeg\" alt=\"\"><\/p>\n<h3>image3<\/h3>\n<\/li>\n<li>\n<p>        <img decoding=\"async\" src=\"\/wp-content\/uploads\/2024\/03\/Publiek.jpg\" alt=\"\"><\/p>\n<h3>Publiek<\/h3>\n<\/li>\n<li>\n<p>        <img decoding=\"async\" src=\"\/wp-content\/uploads\/2024\/03\/Aankondiging.jpg\" alt=\"\"><\/p>\n<h3>Aankondiging<\/h3>\n<\/li>\n<\/ul>\n<h2>Boekpresentatie \u2018Horm\u2019<\/h2>\n<div>Hieronder volgt een impressie van de boekpresentatie van deel 1 \u2018Horm\u2019 van de trilogie \u2018Machten van Anir\u2019 die op 21 januari plaatsvond in Spoordonk. Deel 2 \u2018De Invasie van de Z\u00een\u2019 zal binnen enkele maanden verschijnen.\n<\/div>\n<ul>\n<li>\n<p>        <img decoding=\"async\" src=\"\/wp-content\/uploads\/2024\/02\/P1210484.jpg\" alt=\"\"><\/p>\n<h3>Vooroverleg met presentator\/interviewer Robert Beernink.<\/h3>\n<\/li>\n<li>\n<p>        <img decoding=\"async\" src=\"\/wp-content\/uploads\/2024\/02\/P1210527.jpg\" alt=\"\"><\/p>\n<h3>Vraaggesprek over achtergrond en inhoud van het boek.<\/h3>\n<\/li>\n<li>\n<p>        <img decoding=\"async\" src=\"\/wp-content\/uploads\/2024\/02\/P1210549.jpg\" alt=\"\"><\/p>\n<h3>Het publiek luistert aandachtig naar vragen en antwoorden.<\/h3>\n<\/li>\n<li>\n<p>        <img decoding=\"async\" src=\"\/wp-content\/uploads\/2024\/02\/P1210601.jpg\" alt=\"\"><\/p>\n<h3>Soms komen handen en voeten er aan te pas.<\/h3>\n<\/li>\n<li>\n<p>        <img decoding=\"async\" src=\"\/wp-content\/uploads\/2024\/02\/P1210619.jpg\" alt=\"\"><\/p>\n<h3>Doe nog maar een een leuke vraag!<\/h3>\n<\/li>\n<li>\n<p>        <img decoding=\"async\" src=\"\/wp-content\/uploads\/2024\/02\/P1210658.jpg\" alt=\"\"><\/p>\n<h3>Overhandiging van het eerste exemplaar door Robert aan Joost.<\/h3>\n<\/li>\n<li>\n<p>        <img decoding=\"async\" src=\"\/wp-content\/uploads\/2024\/02\/P1210694.jpg\" alt=\"\"><\/p>\n<h3>Overhandiging van het eerste exemplaar nogmaals, maar nu uitgepakt.<\/h3>\n<\/li>\n<li>\n<p>        <img decoding=\"async\" src=\"\/wp-content\/uploads\/2024\/02\/P1210671.jpg\" alt=\"\"><\/p>\n<h3>Namens broers en zussen overhandigt Elke een fraai boeket.<\/h3>\n<\/li>\n<li>\n<p>        <img decoding=\"async\" src=\"\/wp-content\/uploads\/2024\/02\/P1210688.jpg\" alt=\"\"><\/p>\n<h3>Stukje voorlezen.<\/h3>\n<\/li>\n<li>\n<p>        <img decoding=\"async\" src=\"\/wp-content\/uploads\/2024\/02\/P1210716.jpg\" alt=\"\"><\/p>\n<h3>Signeren van verkochte boeken.<\/h3>\n<\/li>\n<li>\n<p>        <img decoding=\"async\" src=\"\/wp-content\/uploads\/2024\/02\/P1210751.jpg\" alt=\"\"><\/p>\n<h3>Veel signeren vergt versterking van de innerlijke mens, bij voorkeur met een tripel.<\/h3>\n<\/li>\n<li>\n<p>        <img decoding=\"async\" src=\"\/wp-content\/uploads\/2024\/02\/P1210709.jpg\" alt=\"\"><\/p>\n<h3>Zus Marineke bewaakt de financi\u00ebn.<\/h3>\n<\/li>\n<li>\n<p>        <img decoding=\"async\" src=\"\/wp-content\/uploads\/2024\/02\/P1210771.jpg\" alt=\"\"><\/p>\n<h3>Border Collie pup Yossi (genoemd naar een olijk personage in het boek) houdt de wacht.<\/h3>\n<\/li>\n<\/ul>\n<p><!--more--><br \/>\n<!-- {\"type\":\"layout\",\"children\":[{\"type\":\"section\",\"props\":{\"animation\":\"fade\",\"animation_delay\":\"100\",\"header_transparent\":\"light\",\"height\":\"full\",\"image\":\"wp-content\\\/uploads\\\/2024\\\/02\\\/P1210549.jpg\",\"image_effect\":\"fixed\",\"image_position\":\"center-center\",\"image_size\":\"cover\",\"media_overlay\":\"rgba(0, 0, 0, 0.6)\",\"style\":\"secondary\",\"text_color\":\"dark\",\"title_breakpoint\":\"xl\",\"title_position\":\"top-left\",\"title_rotation\":\"left\",\"vertical_align\":\"middle\",\"width\":\"default\"},\"children\":[{\"type\":\"row\",\"children\":[{\"type\":\"column\",\"props\":{\"image_position\":\"center-center\",\"position_sticky_breakpoint\":\"m\",\"text_color\":\"light\"},\"children\":[{\"type\":\"headline\",\"props\":{\"content\":\"Voorlezen en signeren\",\"text_align\":\"center\",\"title_decoration\":\"line\",\"title_element\":\"h1\",\"title_font_family\":\"secondary\"}}]}]},{\"type\":\"row\",\"props\":{\"match\":true},\"children\":[{\"type\":\"column\",\"props\":{\"image_position\":\"center-center\",\"position_sticky_breakpoint\":\"m\",\"style\":\"card-default\"},\"children\":[{\"type\":\"headline\",\"props\":{\"content\":\"Contact\",\"title_decoration\":\"divider\",\"title_element\":\"h1\",\"title_style\":\"h2\"}},{\"type\":\"text\",\"props\":{\"column_breakpoint\":\"m\",\"content\":\"\n\n<p>Joost Thissen komt graag in uw boekhandel, bibliotheek of cultureel centrum voorlezen uit zijn boeken en signeren. U kunt contact opnemen via dit emailadres: <a href=\\\"mailto:jth@reflexor.eu\\\"><strong>jth@reflexor.eu<\\\/strong><\\\/a>.<\\\/p>\",\"margin\":\"default\",\"text_style\":\"large\"}}]}]},{\"type\":\"row\",\"children\":[{\"type\":\"column\",\"props\":{\"image_position\":\"center-center\",\"position_sticky_breakpoint\":\"m\"},\"children\":[{\"type\":\"icon\",\"props\":{\"icon\":\"arrow-down\",\"icon_width\":60,\"link\":\"#bottom\",\"link_style\":\"button\",\"margin\":\"default\",\"text_align\":\"center\"}}]}]}]},{\"type\":\"section\",\"props\":{\"header_transparent\":\"light\",\"height\":\"full\",\"id\":\"bottom\",\"image\":\"wp-content\\\/uploads\\\/2024\\\/02\\\/P1210549.jpg\",\"image_effect\":\"fixed\",\"image_position\":\"center-center\",\"image_size\":\"cover\",\"media_overlay\":\"rgba(0, 0, 0, 0.6)\",\"style\":\"secondary\",\"title_breakpoint\":\"xl\",\"title_position\":\"top-left\",\"title_rotation\":\"left\",\"vertical_align\":\"middle\",\"width\":\"default\"},\"children\":[{\"type\":\"row\",\"children\":[{\"type\":\"column\",\"props\":{\"image_position\":\"center-center\",\"position_sticky_breakpoint\":\"m\"},\"children\":[{\"type\":\"headline\",\"props\":{\"content\":\"Op herhaling:<br \\\/> voorlezen in de Bibliotheek in Huizen\",\"text_align\":\"center\",\"title_decoration\":\"line\",\"title_element\":\"h2\",\"title_font_family\":\"secondary\",\"title_style\":\"h1\"}},{\"type\":\"text\",\"props\":{\"column_breakpoint\":\"m\",\"content\":\"Op 29 juni heb ik, met andere schrijvers, voorgelezen uit mijn boek 'Horm'. Wijzer geworden door mijn eerste voordracht in februari van dit jaar had ik besloten dat het tekstgedeelte om voor te lezen moet eindigen met een zgn. cliffhanger waarna de lezer m\\u00e9\\u00e9r wil weten. Ik had gekozen voor het Offerfeest van de Z\\u00een, tot aan het moment waar Lyss zijn zelfbeheersing lijkt te verliezen\",\"margin\":\"default\",\"text_style\":\"large\"}}]}]},{\"type\":\"row\",\"children\":[{\"type\":\"column\",\"props\":{\"image_position\":\"center-center\",\"position_sticky_breakpoint\":\"m\"},\"children\":[{\"type\":\"gallery\",\"props\":{\"filter_align\":\"left\",\"filter_all\":true,\"filter_grid_breakpoint\":\"m\",\"filter_grid_width\":\"auto\",\"filter_position\":\"top\",\"filter_style\":\"tab\",\"grid_default\":\"1\",\"grid_masonry\":\"next\",\"grid_medium\":\"3\",\"grid_parallax_justify\":false,\"item_animation\":true,\"lightbox\":true,\"lightbox_image_orientation\":true,\"link_style\":\"default\",\"link_text\":\"Volledig Scherm\",\"margin\":\"default\",\"meta_align\":\"below-title\",\"meta_element\":\"div\",\"meta_style\":\"text-meta\",\"overlay_hover\":true,\"overlay_mode\":\"caption\",\"overlay_position\":\"bottom-center\",\"overlay_style\":\"tile-secondary\",\"overlay_transition\":\"fade\",\"show_content\":false,\"show_hover_image\":true,\"show_link\":true,\"show_meta\":true,\"show_title\":false,\"text_align\":\"center\",\"text_color\":\"light\",\"title_element\":\"h3\",\"title_hover_style\":\"reset\"},\"children\":[{\"type\":\"gallery_item\",\"props\":{\"image\":\"wp-content\\\/uploads\\\/2024\\\/07\\\/Aankondiging_web.jpg\",\"title\":\"Aankondiging_web\"}},{\"type\":\"gallery_item\",\"props\":{\"image\":\"wp-content\\\/uploads\\\/2024\\\/07\\\/1_web.jpg\",\"title\":\"1_web\"}},{\"type\":\"gallery_item\",\"props\":{\"image\":\"wp-content\\\/uploads\\\/2024\\\/07\\\/2_web.jpg\",\"title\":\"2_web\"}},{\"type\":\"gallery_item\",\"props\":{\"image\":\"wp-content\\\/uploads\\\/2024\\\/07\\\/3_web.jpg\",\"title\":\"3_web\"}},{\"type\":\"gallery_item\",\"props\":{\"image\":\"wp-content\\\/uploads\\\/2024\\\/07\\\/4_web-1.jpg\",\"title\":\"4_web\"}}]}]}]}]},{\"type\":\"section\",\"props\":{\"header_transparent\":\"light\",\"height\":\"full\",\"id\":\"bottom\",\"image\":\"wp-content\\\/uploads\\\/2024\\\/02\\\/P1210549.jpg\",\"image_effect\":\"fixed\",\"image_position\":\"center-center\",\"image_size\":\"cover\",\"media_overlay\":\"rgba(0, 0, 0, 0.6)\",\"style\":\"secondary\",\"title_breakpoint\":\"xl\",\"title_position\":\"top-left\",\"title_rotation\":\"left\",\"vertical_align\":\"middle\",\"width\":\"default\"},\"children\":[{\"type\":\"row\",\"children\":[{\"type\":\"column\",\"props\":{\"image_position\":\"center-center\",\"position_sticky_breakpoint\":\"m\"},\"children\":[{\"type\":\"headline\",\"props\":{\"content\":\"Voorlezen in de Bibliotheek in Huizen\",\"text_align\":\"center\",\"title_decoration\":\"line\",\"title_element\":\"h2\",\"title_font_family\":\"secondary\",\"title_style\":\"h1\"}},{\"type\":\"text\",\"props\":{\"column_breakpoint\":\"m\",\"content\":\"\",\"margin\":\"default\",\"text_style\":\"large\"}}]}]},{\"type\":\"row\",\"children\":[{\"type\":\"column\",\"props\":{\"image_position\":\"center-center\",\"position_sticky_breakpoint\":\"m\"},\"children\":[{\"type\":\"gallery\",\"props\":{\"filter_align\":\"left\",\"filter_all\":true,\"filter_grid_breakpoint\":\"m\",\"filter_grid_width\":\"auto\",\"filter_position\":\"top\",\"filter_style\":\"tab\",\"grid_default\":\"1\",\"grid_masonry\":\"next\",\"grid_medium\":\"3\",\"grid_parallax_justify\":false,\"item_animation\":true,\"lightbox\":true,\"lightbox_image_orientation\":true,\"link_style\":\"default\",\"link_text\":\"Volledig Scherm\",\"margin\":\"default\",\"meta_align\":\"below-title\",\"meta_element\":\"div\",\"meta_style\":\"text-meta\",\"overlay_hover\":true,\"overlay_mode\":\"caption\",\"overlay_position\":\"bottom-center\",\"overlay_style\":\"tile-secondary\",\"overlay_transition\":\"fade\",\"show_content\":false,\"show_hover_image\":true,\"show_link\":true,\"show_meta\":true,\"show_title\":false,\"text_align\":\"center\",\"text_color\":\"light\",\"title_element\":\"h3\",\"title_hover_style\":\"reset\"},\"children\":[{\"type\":\"gallery_item\",\"props\":{\"image\":\"wp-content\\\/uploads\\\/2024\\\/03\\\/image4-rotated.jpeg\",\"title\":\"image4\"}},{\"type\":\"gallery_item\",\"props\":{\"image\":\"wp-content\\\/uploads\\\/2024\\\/03\\\/image3-rotated.jpeg\",\"title\":\"image3\"}},{\"type\":\"gallery_item\",\"props\":{\"image\":\"wp-content\\\/uploads\\\/2024\\\/03\\\/Publiek.jpg\",\"title\":\"Publiek\"}},{\"type\":\"gallery_item\",\"props\":{\"image\":\"wp-content\\\/uploads\\\/2024\\\/03\\\/Aankondiging.jpg\",\"title\":\"Aankondiging\"}}]}]}]}]},{\"type\":\"section\",\"props\":{\"header_transparent\":\"light\",\"height\":\"full\",\"id\":\"bottom\",\"image\":\"wp-content\\\/uploads\\\/2024\\\/02\\\/P1210549.jpg\",\"image_effect\":\"fixed\",\"image_position\":\"center-center\",\"image_size\":\"cover\",\"media_overlay\":\"rgba(0, 0, 0, 0.6)\",\"style\":\"secondary\",\"title_breakpoint\":\"xl\",\"title_position\":\"top-left\",\"title_rotation\":\"left\",\"vertical_align\":\"middle\",\"width\":\"default\"},\"children\":[{\"type\":\"row\",\"children\":[{\"type\":\"column\",\"props\":{\"image_position\":\"center-center\",\"position_sticky_breakpoint\":\"m\"},\"children\":[{\"type\":\"headline\",\"props\":{\"content\":\"Boekpresentatie \\u2018Horm\\u2019\",\"text_align\":\"center\",\"title_decoration\":\"line\",\"title_element\":\"h2\",\"title_font_family\":\"secondary\",\"title_style\":\"h1\"}},{\"type\":\"text\",\"props\":{\"column_breakpoint\":\"m\",\"content\":\"Hieronder volgt een impressie van de boekpresentatie van deel 1 \\u2018Horm\\u2019 van de trilogie \\u2018Machten van Anir\\u2019 die op 21 januari plaatsvond in Spoordonk. Deel 2 \\u2018De Invasie van de Z\\u00een\\u2019 zal binnen enkele maanden verschijnen.\\n\",\"margin\":\"large\",\"margin_remove_bottom\":false,\"text_style\":\"large\"}}]}]},{\"type\":\"row\",\"children\":[{\"type\":\"column\",\"props\":{\"image_position\":\"center-center\",\"position_sticky_breakpoint\":\"m\"},\"children\":[{\"type\":\"gallery\",\"props\":{\"filter_align\":\"left\",\"filter_all\":true,\"filter_grid_breakpoint\":\"m\",\"filter_grid_width\":\"auto\",\"filter_position\":\"top\",\"filter_style\":\"tab\",\"grid_default\":\"1\",\"grid_masonry\":\"next\",\"grid_medium\":\"3\",\"grid_parallax_justify\":false,\"item_animation\":true,\"lightbox\":true,\"lightbox_image_orientation\":true,\"link_style\":\"default\",\"link_text\":\"Volledig Scherm\",\"margin\":\"default\",\"meta_align\":\"below-title\",\"meta_element\":\"div\",\"meta_style\":\"text-meta\",\"overlay_hover\":true,\"overlay_mode\":\"caption\",\"overlay_position\":\"bottom-center\",\"overlay_style\":\"tile-secondary\",\"overlay_transition\":\"fade\",\"show_content\":true,\"show_hover_image\":true,\"show_link\":true,\"show_meta\":true,\"show_title\":true,\"text_align\":\"center\",\"text_color\":\"light\",\"title_element\":\"h3\",\"title_hover_style\":\"reset\"},\"children\":[{\"type\":\"gallery_item\",\"props\":{\"image\":\"wp-content\\\/uploads\\\/2024\\\/02\\\/P1210484.jpg\",\"title\":\"Vooroverleg met presentator\\\/interviewer Robert Beernink.\"}},{\"type\":\"gallery_item\",\"props\":{\"image\":\"wp-content\\\/uploads\\\/2024\\\/02\\\/P1210527.jpg\",\"title\":\"Vraaggesprek over achtergrond en inhoud van het boek.\"}},{\"type\":\"gallery_item\",\"props\":{\"image\":\"wp-content\\\/uploads\\\/2024\\\/02\\\/P1210549.jpg\",\"title\":\"Het publiek luistert aandachtig naar vragen en antwoorden.\"}},{\"type\":\"gallery_item\",\"props\":{\"image\":\"wp-content\\\/uploads\\\/2024\\\/02\\\/P1210601.jpg\",\"title\":\"Soms komen handen en voeten er aan te pas.\"}},{\"type\":\"gallery_item\",\"props\":{\"image\":\"wp-content\\\/uploads\\\/2024\\\/02\\\/P1210619.jpg\",\"title\":\"Doe nog maar een een leuke vraag!\"}},{\"type\":\"gallery_item\",\"props\":{\"image\":\"wp-content\\\/uploads\\\/2024\\\/02\\\/P1210658.jpg\",\"title\":\"Overhandiging van het eerste exemplaar door Robert aan Joost.\"}},{\"type\":\"gallery_item\",\"props\":{\"image\":\"wp-content\\\/uploads\\\/2024\\\/02\\\/P1210694.jpg\",\"title\":\"Overhandiging van het eerste exemplaar nogmaals, maar nu uitgepakt.\"}},{\"type\":\"gallery_item\",\"props\":{\"image\":\"wp-content\\\/uploads\\\/2024\\\/02\\\/P1210671.jpg\",\"title\":\"Namens broers en zussen overhandigt Elke een fraai boeket.\"}},{\"type\":\"gallery_item\",\"props\":{\"image\":\"wp-content\\\/uploads\\\/2024\\\/02\\\/P1210688.jpg\",\"title\":\"Stukje voorlezen.\"}},{\"type\":\"gallery_item\",\"props\":{\"image\":\"wp-content\\\/uploads\\\/2024\\\/02\\\/P1210716.jpg\",\"title\":\"Signeren van verkochte boeken.\"}},{\"type\":\"gallery_item\",\"props\":{\"image\":\"wp-content\\\/uploads\\\/2024\\\/02\\\/P1210751.jpg\",\"title\":\"Veel signeren vergt versterking van de innerlijke mens, bij voorkeur met een tripel.\"}},{\"type\":\"gallery_item\",\"props\":{\"image\":\"wp-content\\\/uploads\\\/2024\\\/02\\\/P1210709.jpg\",\"title\":\"Zus Marineke bewaakt de financi\\u00ebn.\"}},{\"type\":\"gallery_item\",\"props\":{\"image\":\"wp-content\\\/uploads\\\/2024\\\/02\\\/P1210771.jpg\",\"title\":\"Border Collie pup Yossi (genoemd naar een olijk personage in het boek) houdt de wacht.\"}}]}]}]}]}],\"version\":\"4.2.11\"} --><\/p>\n","protected":false},"excerpt":{"rendered":"<p>Voorlezen en signeren Contact Joost Thissen komt graag in uw boekhandel, bibliotheek of cultureel centrum voorlezen uit zijn boeken en signeren. U kunt contact opnemen via dit emailadres: jth@reflexor.eu. [arrow-down] Op herhaling: voorlezen in de Bibliotheek in Huizen Op 29 juni heb ik, met andere schrijvers, voorgelezen uit mijn boek &#8216;Horm&#8217;. Wijzer geworden door mijn [&hellip;]<\/p>\n","protected":false},"author":1,"featured_media":0,"parent":0,"menu_order":0,"comment_status":"closed","ping_status":"closed","template":"","meta":{"footnotes":""},"class_list":["post-415","page","type-page","status-publish","hentry"],"_links":{"self":[{"href":"https:\/\/machtenvananir.nl\/index.php\/wp-json\/wp\/v2\/pages\/415","targetHints":{"allow":["GET"]}}],"collection":[{"href":"https:\/\/machtenvananir.nl\/index.php\/wp-json\/wp\/v2\/pages"}],"about":[{"href":"https:\/\/machtenvananir.nl\/index.php\/wp-json\/wp\/v2\/types\/page"}],"author":[{"embeddable":true,"href":"https:\/\/machtenvananir.nl\/index.php\/wp-json\/wp\/v2\/users\/1"}],"replies":[{"embeddable":true,"href":"https:\/\/machtenvananir.nl\/index.php\/wp-json\/wp\/v2\/comments?post=415"}],"version-history":[{"count":10,"href":"https:\/\/machtenvananir.nl\/index.php\/wp-json\/wp\/v2\/pages\/415\/revisions"}],"predecessor-version":[{"id":501,"href":"https:\/\/machtenvananir.nl\/index.php\/wp-json\/wp\/v2\/pages\/415\/revisions\/501"}],"wp:attachment":[{"href":"https:\/\/machtenvananir.nl\/index.php\/wp-json\/wp\/v2\/media?parent=415"}],"curies":[{"name":"wp","href":"https:\/\/api.w.org\/{rel}","templated":true}]}}